{"id":9962,"date":"2025-12-13T19:07:33","date_gmt":"2025-12-13T19:07:33","guid":{"rendered":"https:\/\/gravel-bikes.cc\/produkt\/paire-de-roues-shimano-wh-rs171-700c-clincher-pour-velo-de-route\/"},"modified":"2025-12-13T19:07:33","modified_gmt":"2025-12-13T19:07:33","slug":"paire-de-roues-shimano-wh-rs171-700c-clincher-pour-velo-de-route","status":"publish","type":"product","link":"https:\/\/gravel-bikes.cc\/fr\/produkt\/paire-de-roues-shimano-wh-rs171-700c-clincher-pour-velo-de-route\/","title":{"rendered":"Paire de roues Shimano WH-RS171-700C Clincher pour v\u00e9lo de route"},"content":{"rendered":"","protected":false},"excerpt":{"rendered":"<p>Roues Shimano \u00e0 disque niveau d\u00e9butant<\/p>\n<p>Center Lock<\/p>\n<p>12 mm<\/p>\n","protected":false},"featured_media":789,"template":"","meta":{"_et_pb_use_builder":"","_et_pb_old_content":"","_et_gb_content_width":"","om_disable_all_campaigns":false,"_monsterinsights_skip_tracking":false,"_monsterinsights_sitenote_active":false,"_monsterinsights_sitenote_note":"","_monsterinsights_sitenote_category":0},"pwb-brand":[],"product_brand":[],"product_cat":[747],"product_tag":[911],"class_list":{"0":"post-9962","1":"product","2":"type-product","3":"status-publish","4":"has-post-thumbnail","6":"product_cat-roues","7":"product_tag-roues-shimano","8":"product_shipping_class-petites-pieces","10":"first","11":"instock","12":"sale","13":"taxable","14":"shipping-taxable","15":"purchasable","16":"product-type-simple"},"aioseo_notices":[],"brands":[],"_links":{"self":[{"href":"https:\/\/gravel-bikes.cc\/fr\/wp-json\/wp\/v2\/product\/9962","targetHints":{"allow":["GET"]}}],"collection":[{"href":"https:\/\/gravel-bikes.cc\/fr\/wp-json\/wp\/v2\/product"}],"about":[{"href":"https:\/\/gravel-bikes.cc\/fr\/wp-json\/wp\/v2\/types\/product"}],"wp:featuredmedia":[{"embeddable":true,"href":"https:\/\/gravel-bikes.cc\/fr\/wp-json\/wp\/v2\/media\/789"}],"wp:attachment":[{"href":"https:\/\/gravel-bikes.cc\/fr\/wp-json\/wp\/v2\/media?parent=9962"}],"wp:term":[{"taxonomy":"pwb-brand","embeddable":true,"href":"https:\/\/gravel-bikes.cc\/fr\/wp-json\/wp\/v2\/pwb-brand?post=9962"},{"taxonomy":"product_brand","embeddable":true,"href":"https:\/\/gravel-bikes.cc\/fr\/wp-json\/wp\/v2\/product_brand?post=9962"},{"taxonomy":"product_cat","embeddable":true,"href":"https:\/\/gravel-bikes.cc\/fr\/wp-json\/wp\/v2\/product_cat?post=9962"},{"taxonomy":"product_tag","embeddable":true,"href":"https:\/\/gravel-bikes.cc\/fr\/wp-json\/wp\/v2\/product_tag?post=9962"}],"curies":[{"name":"wp","href":"https:\/\/api.w.org\/{rel}","templated":true}]}}