{"id":9973,"date":"2025-12-15T10:15:16","date_gmt":"2025-12-15T10:15:16","guid":{"rendered":"https:\/\/gravel-bikes.cc\/produkt\/pedales-shimano-pd-rs-500\/"},"modified":"2025-12-15T10:15:16","modified_gmt":"2025-12-15T10:15:16","slug":"pedales-shimano-pd-rs-500","status":"publish","type":"product","link":"https:\/\/gravel-bikes.cc\/fr\/produkt\/pedales-shimano-pd-rs-500\/","title":{"rendered":"P\u00e9dales Shimano PD-RS 500"},"content":{"rendered":"","protected":false},"excerpt":{"rendered":"<p>Les p\u00e9dales PD-RS500 sont particuli\u00e8rement adapt\u00e9es comme p\u00e9dales automatiques d\u2019entr\u00e9e de gamme. Leur tension de ressort plus faible et une zone d\u2019engagement \u00e9largie garantissent un chaussage et un d\u00e9chaussage particuli\u00e8rement faciles. La tension du ressort reste r\u00e9glable via une vis de r\u00e9glage. Le design s\u2019inspire des mod\u00e8les haut de gamme de Shimano. La surface d\u2019appui extra-large des PD-RS500 offre une transmission de puissance optimale. De plus, les corps de p\u00e9dale extra-larges assurent une grande rigidit\u00e9 en torsion et une excellente durabilit\u00e9. Des inserts en acier inoxydable sur la surface d\u2019appui emp\u00eachent l\u2019usure des corps de p\u00e9dale.      <\/p>\n<p>cales incluses<\/p>\n","protected":false},"featured_media":1136,"template":"","meta":{"_et_pb_use_builder":"","_et_pb_old_content":"","_et_gb_content_width":"","om_disable_all_campaigns":false,"_monsterinsights_skip_tracking":false,"_monsterinsights_sitenote_active":false,"_monsterinsights_sitenote_note":"","_monsterinsights_sitenote_category":0},"pwb-brand":[],"product_brand":[],"product_cat":[762],"product_tag":[791],"class_list":{"0":"post-9973","1":"product","2":"type-product","3":"status-publish","4":"has-post-thumbnail","6":"product_cat-pedales","7":"product_tag-pedales-shimano","8":"product_shipping_class-petites-pieces","10":"first","11":"instock","12":"sale","13":"taxable","14":"shipping-taxable","15":"purchasable","16":"product-type-simple"},"aioseo_notices":[],"brands":[],"_links":{"self":[{"href":"https:\/\/gravel-bikes.cc\/fr\/wp-json\/wp\/v2\/product\/9973","targetHints":{"allow":["GET"]}}],"collection":[{"href":"https:\/\/gravel-bikes.cc\/fr\/wp-json\/wp\/v2\/product"}],"about":[{"href":"https:\/\/gravel-bikes.cc\/fr\/wp-json\/wp\/v2\/types\/product"}],"wp:featuredmedia":[{"embeddable":true,"href":"https:\/\/gravel-bikes.cc\/fr\/wp-json\/wp\/v2\/media\/1136"}],"wp:attachment":[{"href":"https:\/\/gravel-bikes.cc\/fr\/wp-json\/wp\/v2\/media?parent=9973"}],"wp:term":[{"taxonomy":"pwb-brand","embeddable":true,"href":"https:\/\/gravel-bikes.cc\/fr\/wp-json\/wp\/v2\/pwb-brand?post=9973"},{"taxonomy":"product_brand","embeddable":true,"href":"https:\/\/gravel-bikes.cc\/fr\/wp-json\/wp\/v2\/product_brand?post=9973"},{"taxonomy":"product_cat","embeddable":true,"href":"https:\/\/gravel-bikes.cc\/fr\/wp-json\/wp\/v2\/product_cat?post=9973"},{"taxonomy":"product_tag","embeddable":true,"href":"https:\/\/gravel-bikes.cc\/fr\/wp-json\/wp\/v2\/product_tag?post=9973"}],"curies":[{"name":"wp","href":"https:\/\/api.w.org\/{rel}","templated":true}]}}