{"id":9977,"date":"2025-12-15T10:08:50","date_gmt":"2025-12-15T10:08:50","guid":{"rendered":"https:\/\/gravel-bikes.cc\/produkt\/derailleur-arriere-shimano-altus\/"},"modified":"2025-12-15T10:08:50","modified_gmt":"2025-12-15T10:08:50","slug":"derailleur-arriere-shimano-altus","status":"publish","type":"product","link":"https:\/\/gravel-bikes.cc\/fr\/produkt\/derailleur-arriere-shimano-altus\/","title":{"rendered":"D\u00e9railleur arri\u00e8re Shimano Altus"},"content":{"rendered":"","protected":false},"excerpt":{"rendered":"<p class=\"txt-subtitle \">R\u00e9sum\u00e9 de la description<\/p>\n<p id=\"resume_desc\" class=\"txt-base \">Am\u00e9liore ton v\u00e9lo 7\/8 vitesses avec le SHIMANO Altus M310, le compagnon fiable pour le VTT, le trekking et les trajets quotidiens. Profite de changements de vitesse toujours fluides et pr\u00e9cis gr\u00e2ce \u00e0 la conception rigide Wide Link et au passage de vitesses sans effort Light Action. Con\u00e7u pour durer, son Smart Cage avec galets surdimensionn\u00e9s r\u00e9duit le bruit et lusure, garantissant des performances durables sur une large plage de d\u00e9veloppements. LAltus M310 offre l\u00e9quilibre parfait entre la technologie SHIMANO \u00e9prouv\u00e9e, la fiabilit\u00e9 et le rapport qualit\u00e9-prix, pour des changements de vitesse en toute confiance   <\/p>\n","protected":false},"featured_media":1045,"template":"","meta":{"_et_pb_use_builder":"","_et_pb_old_content":"","_et_gb_content_width":"","om_disable_all_campaigns":false,"_monsterinsights_skip_tracking":false,"_monsterinsights_sitenote_active":false,"_monsterinsights_sitenote_note":"","_monsterinsights_sitenote_category":0},"pwb-brand":[],"product_brand":[],"product_cat":[755],"product_tag":[],"class_list":{"0":"post-9977","1":"product","2":"type-product","3":"status-publish","4":"has-post-thumbnail","6":"product_cat-derailleur-arriere-shimano","7":"product_shipping_class-petites-pieces","9":"first","10":"instock","11":"sale","12":"taxable","13":"shipping-taxable","14":"purchasable","15":"product-type-simple"},"aioseo_notices":[],"brands":[],"_links":{"self":[{"href":"https:\/\/gravel-bikes.cc\/fr\/wp-json\/wp\/v2\/product\/9977","targetHints":{"allow":["GET"]}}],"collection":[{"href":"https:\/\/gravel-bikes.cc\/fr\/wp-json\/wp\/v2\/product"}],"about":[{"href":"https:\/\/gravel-bikes.cc\/fr\/wp-json\/wp\/v2\/types\/product"}],"wp:featuredmedia":[{"embeddable":true,"href":"https:\/\/gravel-bikes.cc\/fr\/wp-json\/wp\/v2\/media\/1045"}],"wp:attachment":[{"href":"https:\/\/gravel-bikes.cc\/fr\/wp-json\/wp\/v2\/media?parent=9977"}],"wp:term":[{"taxonomy":"pwb-brand","embeddable":true,"href":"https:\/\/gravel-bikes.cc\/fr\/wp-json\/wp\/v2\/pwb-brand?post=9977"},{"taxonomy":"product_brand","embeddable":true,"href":"https:\/\/gravel-bikes.cc\/fr\/wp-json\/wp\/v2\/product_brand?post=9977"},{"taxonomy":"product_cat","embeddable":true,"href":"https:\/\/gravel-bikes.cc\/fr\/wp-json\/wp\/v2\/product_cat?post=9977"},{"taxonomy":"product_tag","embeddable":true,"href":"https:\/\/gravel-bikes.cc\/fr\/wp-json\/wp\/v2\/product_tag?post=9977"}],"curies":[{"name":"wp","href":"https:\/\/api.w.org\/{rel}","templated":true}]}}