{"id":9979,"date":"2025-12-14T15:42:41","date_gmt":"2025-12-14T15:42:41","guid":{"rendered":"https:\/\/gravel-bikes.cc\/produkt\/sacoches-de-guidon-c-nut-rouges\/"},"modified":"2025-12-14T15:42:41","modified_gmt":"2025-12-14T15:42:41","slug":"sacoches-de-guidon-c-nut-rouges","status":"publish","type":"product","link":"https:\/\/gravel-bikes.cc\/fr\/produkt\/sacoches-de-guidon-c-nut-rouges\/","title":{"rendered":"Sacoches de guidon C NUT rouges"},"content":{"rendered":"<div class=\"OtfKGl QfrfFD cell\">\n<section class=\"Va_ZoC\" data-hook=\"description-wrapper\">\n<div class=\"LvOu6J\">\n<div class=\"vaI0UH\" data-hook=\"content-wrapper\">\n<p>Sacoches CNUT rouges avec d\u00e9tails rouge\/blanc<\/p>\n<p>Dimensions : env. 20&#215;11 cm <\/p>\n<p>Mat\u00e9riau :<\/p>\n<p>&#8211; Cordura 1000D<\/p>\n<p>&#8211; Fermeture \u00e9clair YKK Aquaguard<\/p>\n<p>&#8211; Sangle en coton bio<\/p>\n<p>&#8211; Patch en cuir avec logo ; tannage v\u00e9g\u00e9tal dans lAllg\u00e4u<\/p>\n<p>&#8211; incl. deux sangles de fixation rouges <\/p>\n<p>&nbsp;<\/p>\n<p>&nbsp;<\/p>\n<\/div>\n<\/div>\n<\/section>\n<\/div>\n<div class=\"QfrfFD cell\">\n<div id=\"TPAMultiSection_ii8l6294.product-page-details-4\" class=\"\" data-hook=\"slot-placeholder-TPAMultiSection_ii8l6294.product-page-details-4\"><\/div>\n<\/div>\n<div class=\"QfrfFD cell\">\n<div id=\"TPAMultiSection_ii8l6294.product-page-details-8\" class=\"\" data-hook=\"slot-placeholder-TPAMultiSection_ii8l6294.product-page-details-8\"><\/div>\n<\/div>\n<div>\n<div class=\"c9oxsT QfrfFD cell\">\n<div dir=\"ltr\">\n<ul class=\"wEn8Wy\" data-hook=\"stacked-info-section\">\n<li class=\"De1MzN\" data-hook=\"stacked-info-item\">\n<div class=\"nIrkeO QfrfFD cell\">\n<h2 class=\"sAQWlbr opy4bC1---typography-11-runningText opy4bC1---priority-7-primary _HOcyB D0x9d0 sxbtulv ftb6e2\" aria-hidden=\"false\" data-hook=\"info-section-title\">Contenu de la livraison<\/h2>\n<div class=\"zp8uy2\" data-hook=\"info-section-description\">\n<p>&#8211; Sacoche CNUT dans la couleur choisie<br \/>\n&#8211; deux sangles de fixation type ceinture de s\u00e9curit\u00e9<br \/>\n&#8211; une bande velcro<\/p>\n<\/div>\n<\/div>\n<\/li>\n<\/ul>\n<\/div>\n<\/div>\n<\/div>\n","protected":false},"excerpt":{"rendered":"<p>Sacoches CNUT rouges avec d\u00e9tails rouge\/blanc Dimensions : env. 20&#215;11 cm Mat\u00e9riau : &#8211; Cordura 1000D &#8211; Fermeture \u00e9clair YKK Aquaguard &#8211; Sangle en coton bio &#8211; Patch en cuir avec logo ; tannage v\u00e9g\u00e9tal dans lAllg\u00e4u &#8211; incl. deux sangles de fixation rouges &nbsp; &nbsp; Contenu de la livraison &#8211; Sacoche CNUT dans la [&hellip;]<\/p>\n","protected":false},"featured_media":931,"template":"","meta":{"_et_pb_use_builder":"","_et_pb_old_content":"","_et_gb_content_width":"","om_disable_all_campaigns":false,"_monsterinsights_skip_tracking":false,"_monsterinsights_sitenote_active":false,"_monsterinsights_sitenote_note":"","_monsterinsights_sitenote_category":0},"pwb-brand":[],"product_brand":[],"product_cat":[848],"product_tag":[849],"class_list":{"0":"post-9979","1":"product","2":"type-product","3":"status-publish","4":"has-post-thumbnail","6":"product_cat-sacoches-de-bikepacking","7":"product_tag-sacoches-c-nut","8":"product_shipping_class-petites-pieces","10":"first","11":"instock","12":"sale","13":"taxable","14":"shipping-taxable","15":"purchasable","16":"product-type-simple"},"aioseo_notices":[],"brands":[],"_links":{"self":[{"href":"https:\/\/gravel-bikes.cc\/fr\/wp-json\/wp\/v2\/product\/9979","targetHints":{"allow":["GET"]}}],"collection":[{"href":"https:\/\/gravel-bikes.cc\/fr\/wp-json\/wp\/v2\/product"}],"about":[{"href":"https:\/\/gravel-bikes.cc\/fr\/wp-json\/wp\/v2\/types\/product"}],"wp:featuredmedia":[{"embeddable":true,"href":"https:\/\/gravel-bikes.cc\/fr\/wp-json\/wp\/v2\/media\/931"}],"wp:attachment":[{"href":"https:\/\/gravel-bikes.cc\/fr\/wp-json\/wp\/v2\/media?parent=9979"}],"wp:term":[{"taxonomy":"pwb-brand","embeddable":true,"href":"https:\/\/gravel-bikes.cc\/fr\/wp-json\/wp\/v2\/pwb-brand?post=9979"},{"taxonomy":"product_brand","embeddable":true,"href":"https:\/\/gravel-bikes.cc\/fr\/wp-json\/wp\/v2\/product_brand?post=9979"},{"taxonomy":"product_cat","embeddable":true,"href":"https:\/\/gravel-bikes.cc\/fr\/wp-json\/wp\/v2\/product_cat?post=9979"},{"taxonomy":"product_tag","embeddable":true,"href":"https:\/\/gravel-bikes.cc\/fr\/wp-json\/wp\/v2\/product_tag?post=9979"}],"curies":[{"name":"wp","href":"https:\/\/api.w.org\/{rel}","templated":true}]}}