{"id":9996,"date":"2025-12-16T11:30:05","date_gmt":"2025-12-16T11:30:05","guid":{"rendered":"https:\/\/gravel-bikes.cc\/produkt\/chaussures-shimano-rx-5\/"},"modified":"2025-12-16T11:30:05","modified_gmt":"2025-12-16T11:30:05","slug":"chaussures-shimano-rx-5","status":"publish","type":"product","link":"https:\/\/gravel-bikes.cc\/fr\/produkt\/chaussures-shimano-rx-5\/","title":{"rendered":"Chaussures Shimano RX 5"},"content":{"rendered":"","protected":false},"excerpt":{"rendered":"<h2><span id=\"js-descripcion\" class=\"title-page\">Description du produit : chaussures VTT Shimano XC503 Wide<\/span><\/h2>\n<div id=\"js-description_summary\" class=\"description_summary\"><\/div>\n<div id=\"js-detalle-descripcion\" class=\"flex__column txt-base \">\n<div id=\"js-description\" class=\"txt-base descripcion-length\">\n<div id=\"desc\">\n<p>Chaussures de XC robustes con\u00e7ues pour les coureurs ambitieux en qu\u00eate de performance et de style haut de gamme.<\/p>\n<p>Caract\u00e9ristiques :<\/p>\n<p>&#8211; Syst\u00e8me de serrage BOA\u00ae avec molette L6C et la\u00e7age con\u00e7u par Shimano.<br \/>\n&#8211; Semelle interm\u00e9diaire en nylon partiellement recycl\u00e9, renforc\u00e9e de fibres de carbone.<br \/>\n&#8211; Semelle ext\u00e9rieure l\u00e9g\u00e8re en caoutchouc Shimano Ultread XC offrant une accroche de niveau comp\u00e9tition.<br \/>\n&#8211; 19 % de mat\u00e9riaux recycl\u00e9s utilis\u00e9s dans la pointe et la semelle interm\u00e9diaire.<br \/>\n&#8211; Tige \u00e9l\u00e9gante en cuir synth\u00e9tique perfor\u00e9 avec un nouveau profil de fermeture.<br \/>\n&#8211; Crampons ajustables pour optimiser l\u2019accroche selon ton style de pilotage et les conditions.<br \/>\n&#8211; Semelle interm\u00e9diaire \u00e0 profil bas stabilisant le pied et optimisant le transfert de puissance.<br \/>\n&#8211; Structure de tige enveloppante r\u00e9duisant les chevauchements pour un ajustement parfait.<\/p>\n<\/div>\n<\/div>\n<\/div>\n","protected":false},"featured_media":1112,"template":"","meta":{"_et_pb_use_builder":"","_et_pb_old_content":"","_et_gb_content_width":"","om_disable_all_campaigns":false,"_monsterinsights_skip_tracking":false,"_monsterinsights_sitenote_active":false,"_monsterinsights_sitenote_note":"","_monsterinsights_sitenote_category":0},"pwb-brand":[],"product_brand":[],"product_cat":[811],"product_tag":[],"class_list":{"0":"post-9996","1":"product","2":"type-product","3":"status-publish","4":"has-post-thumbnail","6":"product_cat-chaussures-shimano","7":"product_shipping_class-petites-pieces","9":"first","10":"instock","11":"sale","12":"taxable","13":"shipping-taxable","14":"purchasable","15":"product-type-simple"},"aioseo_notices":[],"brands":[],"_links":{"self":[{"href":"https:\/\/gravel-bikes.cc\/fr\/wp-json\/wp\/v2\/product\/9996","targetHints":{"allow":["GET"]}}],"collection":[{"href":"https:\/\/gravel-bikes.cc\/fr\/wp-json\/wp\/v2\/product"}],"about":[{"href":"https:\/\/gravel-bikes.cc\/fr\/wp-json\/wp\/v2\/types\/product"}],"wp:featuredmedia":[{"embeddable":true,"href":"https:\/\/gravel-bikes.cc\/fr\/wp-json\/wp\/v2\/media\/1112"}],"wp:attachment":[{"href":"https:\/\/gravel-bikes.cc\/fr\/wp-json\/wp\/v2\/media?parent=9996"}],"wp:term":[{"taxonomy":"pwb-brand","embeddable":true,"href":"https:\/\/gravel-bikes.cc\/fr\/wp-json\/wp\/v2\/pwb-brand?post=9996"},{"taxonomy":"product_brand","embeddable":true,"href":"https:\/\/gravel-bikes.cc\/fr\/wp-json\/wp\/v2\/product_brand?post=9996"},{"taxonomy":"product_cat","embeddable":true,"href":"https:\/\/gravel-bikes.cc\/fr\/wp-json\/wp\/v2\/product_cat?post=9996"},{"taxonomy":"product_tag","embeddable":true,"href":"https:\/\/gravel-bikes.cc\/fr\/wp-json\/wp\/v2\/product_tag?post=9996"}],"curies":[{"name":"wp","href":"https:\/\/api.w.org\/{rel}","templated":true}]}}